{"id":765,"date":"2025-05-19T21:01:48","date_gmt":"2025-05-19T19:01:48","guid":{"rendered":"http:\/\/egpebordeauxgironde.fr\/?page_id=765"},"modified":"2025-05-19T21:56:33","modified_gmt":"2025-05-19T19:56:33","slug":"comment-adherer","status":"publish","type":"page","link":"https:\/\/egpebordeauxgironde.fr\/?page_id=765","title":{"rendered":"Comment adh\u00e9rer ?"},"content":{"rendered":"\n<div style=\"height:100px\" aria-hidden=\"true\" class=\"wp-block-spacer\"><\/div>\n\n\n\n<p><\/p>\n\n\n\n<p class=\"has-text-align-center has-large-font-size\">Pour adh\u00e9rer \u00e0 notre association <\/p>\n\n\n\n<p class=\"has-text-align-center has-large-font-size\"><br><strong>\u00ab\u00a0Ecole des Grands-Parents Europ\u00e9ens Bordeaux Gironde\u00a0\u00bb<\/strong><\/p>\n\n\n<div class=\"wp-block-image\">\n<figure class=\"aligncenter size-full\"><img loading=\"lazy\" decoding=\"async\" width=\"940\" height=\"194\" src=\"https:\/\/egpebordeauxgironde.fr\/wp-content\/uploads\/2025\/04\/cropped-cropped-Nouveau-Bandeau-jpg.jpg\" alt=\"\" class=\"wp-image-130\" srcset=\"https:\/\/egpebordeauxgironde.fr\/wp-content\/uploads\/2025\/04\/cropped-cropped-Nouveau-Bandeau-jpg.jpg 940w, https:\/\/egpebordeauxgironde.fr\/wp-content\/uploads\/2025\/04\/cropped-cropped-Nouveau-Bandeau-jpg-300x62.jpg 300w, https:\/\/egpebordeauxgironde.fr\/wp-content\/uploads\/2025\/04\/cropped-cropped-Nouveau-Bandeau-jpg-768x159.jpg 768w\" sizes=\"auto, (max-width: 940px) 100vw, 940px\" \/><\/figure>\n<\/div>\n\n\n<p><\/p>\n\n\n\n<p class=\"has-text-align-center has-medium-font-size\">Il vous suffit de cliquer sur le lien suivant :<\/p>\n\n\n\n<p class=\"has-text-align-center has-large-font-size\"><a href=\"https:\/\/www.helloasso.com\/associations\/ecole-des-grands-parents-europeens-bordeaux-girond\/adhesions\/bulletin-d-adhesion\"><strong>Adhesion EGPE Bordeaux Gironde<\/strong> <\/a><br><br><\/p>\n\n\n\n<p><\/p>\n","protected":false},"excerpt":{"rendered":"<p>Pour adh\u00e9rer \u00e0 notre association \u00ab\u00a0Ecole des Grands-Parents Europ\u00e9ens Bordeaux Gironde\u00a0\u00bb Il vous suffit de cliquer sur le lien suivant : Adhesion EGPE Bordeaux Gironde<\/p>\n","protected":false},"author":1,"featured_media":0,"parent":0,"menu_order":0,"comment_status":"closed","ping_status":"closed","template":"","meta":{"footnotes":""},"class_list":["post-765","page","type-page","status-publish","hentry"],"yoast_head":"<!-- This site is optimized with the Yoast SEO plugin v27.4 - https:\/\/yoast.com\/product\/yoast-seo-wordpress\/ -->\n<title>Comment adh\u00e9rer ? - Ecole des Grands Parents Europ\u00e9ens<\/title>\n<meta name=\"robots\" content=\"index, follow, max-snippet:-1, max-image-preview:large, max-video-preview:-1\" \/>\n<link rel=\"canonical\" href=\"https:\/\/egpebordeauxgironde.fr\/?page_id=765\" \/>\n<meta property=\"og:locale\" content=\"fr_FR\" \/>\n<meta property=\"og:type\" content=\"article\" \/>\n<meta property=\"og:title\" content=\"Comment adh\u00e9rer ? - Ecole des Grands Parents Europ\u00e9ens\" \/>\n<meta property=\"og:description\" content=\"Pour adh\u00e9rer \u00e0 notre association \u00ab\u00a0Ecole des Grands-Parents Europ\u00e9ens Bordeaux Gironde\u00a0\u00bb Il vous suffit de cliquer sur le lien suivant : Adhesion EGPE Bordeaux Gironde\" \/>\n<meta property=\"og:url\" content=\"https:\/\/egpebordeauxgironde.fr\/?page_id=765\" \/>\n<meta property=\"og:site_name\" content=\"Ecole des Grands Parents Europ\u00e9ens\" \/>\n<meta property=\"article:modified_time\" content=\"2025-05-19T19:56:33+00:00\" \/>\n<meta property=\"og:image\" content=\"http:\/\/egpebordeauxgironde.fr\/wp-content\/uploads\/2025\/04\/cropped-cropped-Nouveau-Bandeau-jpg.jpg\" \/>\n<meta name=\"twitter:card\" content=\"summary_large_image\" \/>\n<meta name=\"twitter:label1\" content=\"Dur\u00e9e de lecture estim\u00e9e\" \/>\n\t<meta name=\"twitter:data1\" content=\"1 minute\" \/>\n<script type=\"application\/ld+json\" class=\"yoast-schema-graph\">{\"@context\":\"https:\\\/\\\/schema.org\",\"@graph\":[{\"@type\":\"WebPage\",\"@id\":\"https:\\\/\\\/egpebordeauxgironde.fr\\\/?page_id=765\",\"url\":\"https:\\\/\\\/egpebordeauxgironde.fr\\\/?page_id=765\",\"name\":\"Comment adh\u00e9rer ? - Ecole des Grands Parents Europ\u00e9ens\",\"isPartOf\":{\"@id\":\"https:\\\/\\\/egpebordeauxgironde.fr\\\/#website\"},\"primaryImageOfPage\":{\"@id\":\"https:\\\/\\\/egpebordeauxgironde.fr\\\/?page_id=765#primaryimage\"},\"image\":{\"@id\":\"https:\\\/\\\/egpebordeauxgironde.fr\\\/?page_id=765#primaryimage\"},\"thumbnailUrl\":\"http:\\\/\\\/egpebordeauxgironde.fr\\\/wp-content\\\/uploads\\\/2025\\\/04\\\/cropped-cropped-Nouveau-Bandeau-jpg.jpg\",\"datePublished\":\"2025-05-19T19:01:48+00:00\",\"dateModified\":\"2025-05-19T19:56:33+00:00\",\"breadcrumb\":{\"@id\":\"https:\\\/\\\/egpebordeauxgironde.fr\\\/?page_id=765#breadcrumb\"},\"inLanguage\":\"fr-FR\",\"potentialAction\":[{\"@type\":\"ReadAction\",\"target\":[\"https:\\\/\\\/egpebordeauxgironde.fr\\\/?page_id=765\"]}]},{\"@type\":\"ImageObject\",\"inLanguage\":\"fr-FR\",\"@id\":\"https:\\\/\\\/egpebordeauxgironde.fr\\\/?page_id=765#primaryimage\",\"url\":\"https:\\\/\\\/egpebordeauxgironde.fr\\\/wp-content\\\/uploads\\\/2025\\\/04\\\/cropped-cropped-Nouveau-Bandeau-jpg.jpg\",\"contentUrl\":\"https:\\\/\\\/egpebordeauxgironde.fr\\\/wp-content\\\/uploads\\\/2025\\\/04\\\/cropped-cropped-Nouveau-Bandeau-jpg.jpg\",\"width\":940,\"height\":194},{\"@type\":\"BreadcrumbList\",\"@id\":\"https:\\\/\\\/egpebordeauxgironde.fr\\\/?page_id=765#breadcrumb\",\"itemListElement\":[{\"@type\":\"ListItem\",\"position\":1,\"name\":\"Accueil\",\"item\":\"https:\\\/\\\/egpebordeauxgironde.fr\\\/\"},{\"@type\":\"ListItem\",\"position\":2,\"name\":\"Comment adh\u00e9rer ?\"}]},{\"@type\":\"WebSite\",\"@id\":\"https:\\\/\\\/egpebordeauxgironde.fr\\\/#website\",\"url\":\"https:\\\/\\\/egpebordeauxgironde.fr\\\/\",\"name\":\"EGPE Bordeaux Gironde\",\"description\":\"EGPE Grands Parents Gironde Bordeaux conf\u00e9rences ev\u00e8nements visites petits-enfants\",\"publisher\":{\"@id\":\"https:\\\/\\\/egpebordeauxgironde.fr\\\/#organization\"},\"potentialAction\":[{\"@type\":\"SearchAction\",\"target\":{\"@type\":\"EntryPoint\",\"urlTemplate\":\"https:\\\/\\\/egpebordeauxgironde.fr\\\/?s={search_term_string}\"},\"query-input\":{\"@type\":\"PropertyValueSpecification\",\"valueRequired\":true,\"valueName\":\"search_term_string\"}}],\"inLanguage\":\"fr-FR\"},{\"@type\":\"Organization\",\"@id\":\"https:\\\/\\\/egpebordeauxgironde.fr\\\/#organization\",\"name\":\"Ecole des Grands Parents Europ\u00e9ens Bordeaux Gironde\",\"url\":\"https:\\\/\\\/egpebordeauxgironde.fr\\\/\",\"logo\":{\"@type\":\"ImageObject\",\"inLanguage\":\"fr-FR\",\"@id\":\"https:\\\/\\\/egpebordeauxgironde.fr\\\/#\\\/schema\\\/logo\\\/image\\\/\",\"url\":\"https:\\\/\\\/egpebordeauxgironde.fr\\\/wp-content\\\/uploads\\\/2025\\\/04\\\/cropped-cropped-Nouveau-Bandeau-jpg.jpg\",\"contentUrl\":\"https:\\\/\\\/egpebordeauxgironde.fr\\\/wp-content\\\/uploads\\\/2025\\\/04\\\/cropped-cropped-Nouveau-Bandeau-jpg.jpg\",\"width\":940,\"height\":194,\"caption\":\"Ecole des Grands Parents Europ\u00e9ens Bordeaux Gironde\"},\"image\":{\"@id\":\"https:\\\/\\\/egpebordeauxgironde.fr\\\/#\\\/schema\\\/logo\\\/image\\\/\"}}]}<\/script>\n<!-- \/ Yoast SEO plugin. -->","yoast_head_json":{"title":"Comment adh\u00e9rer ? - Ecole des Grands Parents Europ\u00e9ens","robots":{"index":"index","follow":"follow","max-snippet":"max-snippet:-1","max-image-preview":"max-image-preview:large","max-video-preview":"max-video-preview:-1"},"canonical":"https:\/\/egpebordeauxgironde.fr\/?page_id=765","og_locale":"fr_FR","og_type":"article","og_title":"Comment adh\u00e9rer ? - Ecole des Grands Parents Europ\u00e9ens","og_description":"Pour adh\u00e9rer \u00e0 notre association \u00ab\u00a0Ecole des Grands-Parents Europ\u00e9ens Bordeaux Gironde\u00a0\u00bb Il vous suffit de cliquer sur le lien suivant : Adhesion EGPE Bordeaux Gironde","og_url":"https:\/\/egpebordeauxgironde.fr\/?page_id=765","og_site_name":"Ecole des Grands Parents Europ\u00e9ens","article_modified_time":"2025-05-19T19:56:33+00:00","og_image":[{"url":"http:\/\/egpebordeauxgironde.fr\/wp-content\/uploads\/2025\/04\/cropped-cropped-Nouveau-Bandeau-jpg.jpg","type":"","width":"","height":""}],"twitter_card":"summary_large_image","twitter_misc":{"Dur\u00e9e de lecture estim\u00e9e":"1 minute"},"schema":{"@context":"https:\/\/schema.org","@graph":[{"@type":"WebPage","@id":"https:\/\/egpebordeauxgironde.fr\/?page_id=765","url":"https:\/\/egpebordeauxgironde.fr\/?page_id=765","name":"Comment adh\u00e9rer ? - Ecole des Grands Parents Europ\u00e9ens","isPartOf":{"@id":"https:\/\/egpebordeauxgironde.fr\/#website"},"primaryImageOfPage":{"@id":"https:\/\/egpebordeauxgironde.fr\/?page_id=765#primaryimage"},"image":{"@id":"https:\/\/egpebordeauxgironde.fr\/?page_id=765#primaryimage"},"thumbnailUrl":"http:\/\/egpebordeauxgironde.fr\/wp-content\/uploads\/2025\/04\/cropped-cropped-Nouveau-Bandeau-jpg.jpg","datePublished":"2025-05-19T19:01:48+00:00","dateModified":"2025-05-19T19:56:33+00:00","breadcrumb":{"@id":"https:\/\/egpebordeauxgironde.fr\/?page_id=765#breadcrumb"},"inLanguage":"fr-FR","potentialAction":[{"@type":"ReadAction","target":["https:\/\/egpebordeauxgironde.fr\/?page_id=765"]}]},{"@type":"ImageObject","inLanguage":"fr-FR","@id":"https:\/\/egpebordeauxgironde.fr\/?page_id=765#primaryimage","url":"https:\/\/egpebordeauxgironde.fr\/wp-content\/uploads\/2025\/04\/cropped-cropped-Nouveau-Bandeau-jpg.jpg","contentUrl":"https:\/\/egpebordeauxgironde.fr\/wp-content\/uploads\/2025\/04\/cropped-cropped-Nouveau-Bandeau-jpg.jpg","width":940,"height":194},{"@type":"BreadcrumbList","@id":"https:\/\/egpebordeauxgironde.fr\/?page_id=765#breadcrumb","itemListElement":[{"@type":"ListItem","position":1,"name":"Accueil","item":"https:\/\/egpebordeauxgironde.fr\/"},{"@type":"ListItem","position":2,"name":"Comment adh\u00e9rer ?"}]},{"@type":"WebSite","@id":"https:\/\/egpebordeauxgironde.fr\/#website","url":"https:\/\/egpebordeauxgironde.fr\/","name":"EGPE Bordeaux Gironde","description":"EGPE Grands Parents Gironde Bordeaux conf\u00e9rences ev\u00e8nements visites petits-enfants","publisher":{"@id":"https:\/\/egpebordeauxgironde.fr\/#organization"},"potentialAction":[{"@type":"SearchAction","target":{"@type":"EntryPoint","urlTemplate":"https:\/\/egpebordeauxgironde.fr\/?s={search_term_string}"},"query-input":{"@type":"PropertyValueSpecification","valueRequired":true,"valueName":"search_term_string"}}],"inLanguage":"fr-FR"},{"@type":"Organization","@id":"https:\/\/egpebordeauxgironde.fr\/#organization","name":"Ecole des Grands Parents Europ\u00e9ens Bordeaux Gironde","url":"https:\/\/egpebordeauxgironde.fr\/","logo":{"@type":"ImageObject","inLanguage":"fr-FR","@id":"https:\/\/egpebordeauxgironde.fr\/#\/schema\/logo\/image\/","url":"https:\/\/egpebordeauxgironde.fr\/wp-content\/uploads\/2025\/04\/cropped-cropped-Nouveau-Bandeau-jpg.jpg","contentUrl":"https:\/\/egpebordeauxgironde.fr\/wp-content\/uploads\/2025\/04\/cropped-cropped-Nouveau-Bandeau-jpg.jpg","width":940,"height":194,"caption":"Ecole des Grands Parents Europ\u00e9ens Bordeaux Gironde"},"image":{"@id":"https:\/\/egpebordeauxgironde.fr\/#\/schema\/logo\/image\/"}}]}},"jetpack_sharing_enabled":true,"_links":{"self":[{"href":"https:\/\/egpebordeauxgironde.fr\/index.php?rest_route=\/wp\/v2\/pages\/765","targetHints":{"allow":["GET"]}}],"collection":[{"href":"https:\/\/egpebordeauxgironde.fr\/index.php?rest_route=\/wp\/v2\/pages"}],"about":[{"href":"https:\/\/egpebordeauxgironde.fr\/index.php?rest_route=\/wp\/v2\/types\/page"}],"author":[{"embeddable":true,"href":"https:\/\/egpebordeauxgironde.fr\/index.php?rest_route=\/wp\/v2\/users\/1"}],"replies":[{"embeddable":true,"href":"https:\/\/egpebordeauxgironde.fr\/index.php?rest_route=%2Fwp%2Fv2%2Fcomments&post=765"}],"version-history":[{"count":3,"href":"https:\/\/egpebordeauxgironde.fr\/index.php?rest_route=\/wp\/v2\/pages\/765\/revisions"}],"predecessor-version":[{"id":780,"href":"https:\/\/egpebordeauxgironde.fr\/index.php?rest_route=\/wp\/v2\/pages\/765\/revisions\/780"}],"wp:attachment":[{"href":"https:\/\/egpebordeauxgironde.fr\/index.php?rest_route=%2Fwp%2Fv2%2Fmedia&parent=765"}],"curies":[{"name":"wp","href":"https:\/\/api.w.org\/{rel}","templated":true}]}}