{"id":351,"date":"2025-04-15T19:03:26","date_gmt":"2025-04-15T17:03:26","guid":{"rendered":"http:\/\/egpebordeauxgironde.fr\/?page_id=351"},"modified":"2025-06-14T18:19:00","modified_gmt":"2025-06-14T16:19:00","slug":"nos-partenaires","status":"publish","type":"page","link":"https:\/\/egpebordeauxgironde.fr\/?page_id=351","title":{"rendered":"Nos partenaires"},"content":{"rendered":"\n<p><\/p>\n\n\n\n<p><\/p>\n\n\n\n<div class=\"wp-block-columns is-layout-flex wp-container-core-columns-is-layout-9d6595d7 wp-block-columns-is-layout-flex\">\n<div class=\"wp-block-column is-layout-flow wp-block-column-is-layout-flow\" style=\"flex-basis:100%\">\n<figure class=\"wp-block-table is-style-stripes\" style=\"font-size:22px\"><table><tbody><tr><td><img loading=\"lazy\" decoding=\"async\" width=\"200\" height=\"67\" class=\"wp-image-850\" style=\"width: 200px;\" src=\"https:\/\/egpebordeauxgironde.fr\/wp-content\/uploads\/2025\/06\/ville-de-bx.png\" alt=\"\" srcset=\"https:\/\/egpebordeauxgironde.fr\/wp-content\/uploads\/2025\/06\/ville-de-bx.png 387w, https:\/\/egpebordeauxgironde.fr\/wp-content\/uploads\/2025\/06\/ville-de-bx-300x101.png 300w\" sizes=\"auto, (max-width: 200px) 100vw, 200px\" \/><\/td><td><br><strong>Ville de Bordeaux<\/strong><\/td><\/tr><tr><td><\/td><td><\/td><\/tr><tr><td><img loading=\"lazy\" decoding=\"async\" width=\"180\" height=\"109\" class=\"wp-image-849\" style=\"width: 180px;\" src=\"https:\/\/egpebordeauxgironde.fr\/wp-content\/uploads\/2025\/06\/UDAF.png\" alt=\"\"><\/td><td><br><strong>Union D\u00e9partementale des Associations Familiales de Gironde<\/strong><\/td><\/tr><tr><td><\/td><td><\/td><\/tr><tr><td><img loading=\"lazy\" decoding=\"async\" width=\"140\" height=\"114\" class=\"wp-image-851\" style=\"width: 140px;\" src=\"https:\/\/egpebordeauxgironde.fr\/wp-content\/uploads\/2025\/06\/HA32.png\" alt=\"\"><\/td><td><br><br><strong>Centre Culturel HA 32 &#8211; Bordeaux<\/strong><\/td><\/tr><tr><td><\/td><td><\/td><\/tr><tr><td><img loading=\"lazy\" decoding=\"async\" width=\"200\" height=\"88\" class=\"wp-image-848\" style=\"width: 200px;\" src=\"https:\/\/egpebordeauxgironde.fr\/wp-content\/uploads\/2025\/06\/MEF.png\" alt=\"\"><\/td><td><br><strong>Mouvement Europ\u00e9en France<\/strong><\/td><\/tr><\/tbody><\/table><\/figure>\n\n\n\n<p><\/p>\n<\/div>\n<\/div>\n","protected":false},"excerpt":{"rendered":"<p>Ville de Bordeaux Union D\u00e9partementale des Associations Familiales de Gironde Centre Culturel HA 32 &#8211; Bordeaux Mouvement Europ\u00e9en France<\/p>\n","protected":false},"author":1,"featured_media":0,"parent":0,"menu_order":0,"comment_status":"closed","ping_status":"closed","template":"","meta":{"footnotes":""},"class_list":["post-351","page","type-page","status-publish","hentry"],"yoast_head":"<!-- This site is optimized with the Yoast SEO plugin v27.3 - https:\/\/yoast.com\/product\/yoast-seo-wordpress\/ -->\n<title>Nos partenaires - Ecole des Grands Parents Europ\u00e9ens<\/title>\n<meta name=\"robots\" content=\"index, follow, max-snippet:-1, max-image-preview:large, max-video-preview:-1\" \/>\n<link rel=\"canonical\" href=\"https:\/\/egpebordeauxgironde.fr\/?page_id=351\" \/>\n<meta property=\"og:locale\" content=\"fr_FR\" \/>\n<meta property=\"og:type\" content=\"article\" \/>\n<meta property=\"og:title\" content=\"Nos partenaires - Ecole des Grands Parents Europ\u00e9ens\" \/>\n<meta property=\"og:description\" content=\"Ville de Bordeaux Union D\u00e9partementale des Associations Familiales de Gironde Centre Culturel HA 32 &#8211; Bordeaux Mouvement Europ\u00e9en France\" \/>\n<meta property=\"og:url\" content=\"https:\/\/egpebordeauxgironde.fr\/?page_id=351\" \/>\n<meta property=\"og:site_name\" content=\"Ecole des Grands Parents Europ\u00e9ens\" \/>\n<meta property=\"article:modified_time\" content=\"2025-06-14T16:19:00+00:00\" \/>\n<meta property=\"og:image\" content=\"https:\/\/egpebordeauxgironde.fr\/wp-content\/uploads\/2025\/06\/ville-de-bx.png\" \/>\n\t<meta property=\"og:image:width\" content=\"387\" \/>\n\t<meta property=\"og:image:height\" content=\"130\" \/>\n\t<meta property=\"og:image:type\" content=\"image\/png\" \/>\n<meta name=\"twitter:card\" content=\"summary_large_image\" \/>\n<meta name=\"twitter:label1\" content=\"Dur\u00e9e de lecture estim\u00e9e\" \/>\n\t<meta name=\"twitter:data1\" content=\"1 minute\" \/>\n<script type=\"application\/ld+json\" class=\"yoast-schema-graph\">{\"@context\":\"https:\\\/\\\/schema.org\",\"@graph\":[{\"@type\":\"WebPage\",\"@id\":\"https:\\\/\\\/egpebordeauxgironde.fr\\\/?page_id=351\",\"url\":\"https:\\\/\\\/egpebordeauxgironde.fr\\\/?page_id=351\",\"name\":\"Nos partenaires - Ecole des Grands Parents Europ\u00e9ens\",\"isPartOf\":{\"@id\":\"https:\\\/\\\/egpebordeauxgironde.fr\\\/#website\"},\"primaryImageOfPage\":{\"@id\":\"https:\\\/\\\/egpebordeauxgironde.fr\\\/?page_id=351#primaryimage\"},\"image\":{\"@id\":\"https:\\\/\\\/egpebordeauxgironde.fr\\\/?page_id=351#primaryimage\"},\"thumbnailUrl\":\"https:\\\/\\\/egpebordeauxgironde.fr\\\/wp-content\\\/uploads\\\/2025\\\/06\\\/ville-de-bx.png\",\"datePublished\":\"2025-04-15T17:03:26+00:00\",\"dateModified\":\"2025-06-14T16:19:00+00:00\",\"breadcrumb\":{\"@id\":\"https:\\\/\\\/egpebordeauxgironde.fr\\\/?page_id=351#breadcrumb\"},\"inLanguage\":\"fr-FR\",\"potentialAction\":[{\"@type\":\"ReadAction\",\"target\":[\"https:\\\/\\\/egpebordeauxgironde.fr\\\/?page_id=351\"]}]},{\"@type\":\"ImageObject\",\"inLanguage\":\"fr-FR\",\"@id\":\"https:\\\/\\\/egpebordeauxgironde.fr\\\/?page_id=351#primaryimage\",\"url\":\"https:\\\/\\\/egpebordeauxgironde.fr\\\/wp-content\\\/uploads\\\/2025\\\/06\\\/ville-de-bx.png\",\"contentUrl\":\"https:\\\/\\\/egpebordeauxgironde.fr\\\/wp-content\\\/uploads\\\/2025\\\/06\\\/ville-de-bx.png\",\"width\":387,\"height\":130},{\"@type\":\"BreadcrumbList\",\"@id\":\"https:\\\/\\\/egpebordeauxgironde.fr\\\/?page_id=351#breadcrumb\",\"itemListElement\":[{\"@type\":\"ListItem\",\"position\":1,\"name\":\"Accueil\",\"item\":\"https:\\\/\\\/egpebordeauxgironde.fr\\\/\"},{\"@type\":\"ListItem\",\"position\":2,\"name\":\"Nos partenaires\"}]},{\"@type\":\"WebSite\",\"@id\":\"https:\\\/\\\/egpebordeauxgironde.fr\\\/#website\",\"url\":\"https:\\\/\\\/egpebordeauxgironde.fr\\\/\",\"name\":\"EGPE Bordeaux Gironde\",\"description\":\"EGPE Grands Parents Gironde Bordeaux conf\u00e9rences ev\u00e8nements visites petits-enfants\",\"publisher\":{\"@id\":\"https:\\\/\\\/egpebordeauxgironde.fr\\\/#organization\"},\"potentialAction\":[{\"@type\":\"SearchAction\",\"target\":{\"@type\":\"EntryPoint\",\"urlTemplate\":\"https:\\\/\\\/egpebordeauxgironde.fr\\\/?s={search_term_string}\"},\"query-input\":{\"@type\":\"PropertyValueSpecification\",\"valueRequired\":true,\"valueName\":\"search_term_string\"}}],\"inLanguage\":\"fr-FR\"},{\"@type\":\"Organization\",\"@id\":\"https:\\\/\\\/egpebordeauxgironde.fr\\\/#organization\",\"name\":\"Ecole des Grands Parents Europ\u00e9ens Bordeaux Gironde\",\"url\":\"https:\\\/\\\/egpebordeauxgironde.fr\\\/\",\"logo\":{\"@type\":\"ImageObject\",\"inLanguage\":\"fr-FR\",\"@id\":\"https:\\\/\\\/egpebordeauxgironde.fr\\\/#\\\/schema\\\/logo\\\/image\\\/\",\"url\":\"https:\\\/\\\/egpebordeauxgironde.fr\\\/wp-content\\\/uploads\\\/2025\\\/04\\\/cropped-cropped-Nouveau-Bandeau-jpg.jpg\",\"contentUrl\":\"https:\\\/\\\/egpebordeauxgironde.fr\\\/wp-content\\\/uploads\\\/2025\\\/04\\\/cropped-cropped-Nouveau-Bandeau-jpg.jpg\",\"width\":940,\"height\":194,\"caption\":\"Ecole des Grands Parents Europ\u00e9ens Bordeaux Gironde\"},\"image\":{\"@id\":\"https:\\\/\\\/egpebordeauxgironde.fr\\\/#\\\/schema\\\/logo\\\/image\\\/\"}}]}<\/script>\n<!-- \/ Yoast SEO plugin. -->","yoast_head_json":{"title":"Nos partenaires - Ecole des Grands Parents Europ\u00e9ens","robots":{"index":"index","follow":"follow","max-snippet":"max-snippet:-1","max-image-preview":"max-image-preview:large","max-video-preview":"max-video-preview:-1"},"canonical":"https:\/\/egpebordeauxgironde.fr\/?page_id=351","og_locale":"fr_FR","og_type":"article","og_title":"Nos partenaires - Ecole des Grands Parents Europ\u00e9ens","og_description":"Ville de Bordeaux Union D\u00e9partementale des Associations Familiales de Gironde Centre Culturel HA 32 &#8211; Bordeaux Mouvement Europ\u00e9en France","og_url":"https:\/\/egpebordeauxgironde.fr\/?page_id=351","og_site_name":"Ecole des Grands Parents Europ\u00e9ens","article_modified_time":"2025-06-14T16:19:00+00:00","og_image":[{"width":387,"height":130,"url":"https:\/\/egpebordeauxgironde.fr\/wp-content\/uploads\/2025\/06\/ville-de-bx.png","type":"image\/png"}],"twitter_card":"summary_large_image","twitter_misc":{"Dur\u00e9e de lecture estim\u00e9e":"1 minute"},"schema":{"@context":"https:\/\/schema.org","@graph":[{"@type":"WebPage","@id":"https:\/\/egpebordeauxgironde.fr\/?page_id=351","url":"https:\/\/egpebordeauxgironde.fr\/?page_id=351","name":"Nos partenaires - Ecole des Grands Parents Europ\u00e9ens","isPartOf":{"@id":"https:\/\/egpebordeauxgironde.fr\/#website"},"primaryImageOfPage":{"@id":"https:\/\/egpebordeauxgironde.fr\/?page_id=351#primaryimage"},"image":{"@id":"https:\/\/egpebordeauxgironde.fr\/?page_id=351#primaryimage"},"thumbnailUrl":"https:\/\/egpebordeauxgironde.fr\/wp-content\/uploads\/2025\/06\/ville-de-bx.png","datePublished":"2025-04-15T17:03:26+00:00","dateModified":"2025-06-14T16:19:00+00:00","breadcrumb":{"@id":"https:\/\/egpebordeauxgironde.fr\/?page_id=351#breadcrumb"},"inLanguage":"fr-FR","potentialAction":[{"@type":"ReadAction","target":["https:\/\/egpebordeauxgironde.fr\/?page_id=351"]}]},{"@type":"ImageObject","inLanguage":"fr-FR","@id":"https:\/\/egpebordeauxgironde.fr\/?page_id=351#primaryimage","url":"https:\/\/egpebordeauxgironde.fr\/wp-content\/uploads\/2025\/06\/ville-de-bx.png","contentUrl":"https:\/\/egpebordeauxgironde.fr\/wp-content\/uploads\/2025\/06\/ville-de-bx.png","width":387,"height":130},{"@type":"BreadcrumbList","@id":"https:\/\/egpebordeauxgironde.fr\/?page_id=351#breadcrumb","itemListElement":[{"@type":"ListItem","position":1,"name":"Accueil","item":"https:\/\/egpebordeauxgironde.fr\/"},{"@type":"ListItem","position":2,"name":"Nos partenaires"}]},{"@type":"WebSite","@id":"https:\/\/egpebordeauxgironde.fr\/#website","url":"https:\/\/egpebordeauxgironde.fr\/","name":"EGPE Bordeaux Gironde","description":"EGPE Grands Parents Gironde Bordeaux conf\u00e9rences ev\u00e8nements visites petits-enfants","publisher":{"@id":"https:\/\/egpebordeauxgironde.fr\/#organization"},"potentialAction":[{"@type":"SearchAction","target":{"@type":"EntryPoint","urlTemplate":"https:\/\/egpebordeauxgironde.fr\/?s={search_term_string}"},"query-input":{"@type":"PropertyValueSpecification","valueRequired":true,"valueName":"search_term_string"}}],"inLanguage":"fr-FR"},{"@type":"Organization","@id":"https:\/\/egpebordeauxgironde.fr\/#organization","name":"Ecole des Grands Parents Europ\u00e9ens Bordeaux Gironde","url":"https:\/\/egpebordeauxgironde.fr\/","logo":{"@type":"ImageObject","inLanguage":"fr-FR","@id":"https:\/\/egpebordeauxgironde.fr\/#\/schema\/logo\/image\/","url":"https:\/\/egpebordeauxgironde.fr\/wp-content\/uploads\/2025\/04\/cropped-cropped-Nouveau-Bandeau-jpg.jpg","contentUrl":"https:\/\/egpebordeauxgironde.fr\/wp-content\/uploads\/2025\/04\/cropped-cropped-Nouveau-Bandeau-jpg.jpg","width":940,"height":194,"caption":"Ecole des Grands Parents Europ\u00e9ens Bordeaux Gironde"},"image":{"@id":"https:\/\/egpebordeauxgironde.fr\/#\/schema\/logo\/image\/"}}]}},"jetpack_sharing_enabled":true,"_links":{"self":[{"href":"https:\/\/egpebordeauxgironde.fr\/index.php?rest_route=\/wp\/v2\/pages\/351","targetHints":{"allow":["GET"]}}],"collection":[{"href":"https:\/\/egpebordeauxgironde.fr\/index.php?rest_route=\/wp\/v2\/pages"}],"about":[{"href":"https:\/\/egpebordeauxgironde.fr\/index.php?rest_route=\/wp\/v2\/types\/page"}],"author":[{"embeddable":true,"href":"https:\/\/egpebordeauxgironde.fr\/index.php?rest_route=\/wp\/v2\/users\/1"}],"replies":[{"embeddable":true,"href":"https:\/\/egpebordeauxgironde.fr\/index.php?rest_route=%2Fwp%2Fv2%2Fcomments&post=351"}],"version-history":[{"count":6,"href":"https:\/\/egpebordeauxgironde.fr\/index.php?rest_route=\/wp\/v2\/pages\/351\/revisions"}],"predecessor-version":[{"id":861,"href":"https:\/\/egpebordeauxgironde.fr\/index.php?rest_route=\/wp\/v2\/pages\/351\/revisions\/861"}],"wp:attachment":[{"href":"https:\/\/egpebordeauxgironde.fr\/index.php?rest_route=%2Fwp%2Fv2%2Fmedia&parent=351"}],"curies":[{"name":"wp","href":"https:\/\/api.w.org\/{rel}","templated":true}]}}