{"id":309,"date":"2025-04-15T18:16:52","date_gmt":"2025-04-15T16:16:52","guid":{"rendered":"http:\/\/egpebordeauxgironde.fr\/?page_id=309"},"modified":"2025-04-15T20:59:34","modified_gmt":"2025-04-15T18:59:34","slug":"notre-charte","status":"publish","type":"page","link":"https:\/\/egpebordeauxgironde.fr\/?page_id=309","title":{"rendered":"Notre Charte"},"content":{"rendered":"\n<div class=\"wp-block-columns is-layout-flex wp-container-core-columns-is-layout-9d6595d7 wp-block-columns-is-layout-flex\">\n<div class=\"wp-block-column is-layout-flow wp-block-column-is-layout-flow\" style=\"flex-basis:33.33%\">\n<figure class=\"wp-block-image size-full is-style-rounded\"><img loading=\"lazy\" decoding=\"async\" width=\"1000\" height=\"1000\" src=\"https:\/\/egpebordeauxgironde.fr\/wp-content\/uploads\/2025\/04\/mooverflow-article-charte-graphique-histoire-1.png\" alt=\"\" class=\"wp-image-375\" srcset=\"https:\/\/egpebordeauxgironde.fr\/wp-content\/uploads\/2025\/04\/mooverflow-article-charte-graphique-histoire-1.png 1000w, https:\/\/egpebordeauxgironde.fr\/wp-content\/uploads\/2025\/04\/mooverflow-article-charte-graphique-histoire-1-300x300.png 300w, https:\/\/egpebordeauxgironde.fr\/wp-content\/uploads\/2025\/04\/mooverflow-article-charte-graphique-histoire-1-150x150.png 150w, https:\/\/egpebordeauxgironde.fr\/wp-content\/uploads\/2025\/04\/mooverflow-article-charte-graphique-histoire-1-768x768.png 768w\" sizes=\"auto, (max-width: 1000px) 100vw, 1000px\" \/><\/figure>\n<\/div>\n\n\n\n<div class=\"wp-block-column is-layout-flow wp-block-column-is-layout-flow\" style=\"flex-basis:66.66%\">\n<div style=\"height:100px\" aria-hidden=\"true\" class=\"wp-block-spacer\"><\/div>\n\n\n\n<p><strong>L&rsquo;Union des Ecoles de Grands-Parents Europ\u00e9ens qui regroupe des personnes disponibles, pr\u00eates \u00e0 la r\u00e9flexion, \u00e0 l&rsquo;apprentissage et \u00e0 l&rsquo;action, se donne comme objectifs de :<\/strong><\/p>\n<\/div>\n<\/div>\n\n\n\n<div class=\"wp-block-columns is-layout-flex wp-container-core-columns-is-layout-9d6595d7 wp-block-columns-is-layout-flex\">\n<div class=\"wp-block-column has-white-color has-midnight-gradient-background has-text-color has-background has-link-color wp-elements-38ad8795ec36b05fd45d12956a0fd756 is-layout-flow wp-block-column-is-layout-flow\">\n<ul class=\"wp-block-list\">\n<li>R\u00e9pondre aux besoins d&rsquo;ordre personnel, familial et social de la g\u00e9n\u00e9ration grands-parents\n<ul class=\"wp-block-list\">\n<li>Trouver la juste mesure des liens grands-parents\/petits-enfants.<\/li>\n\n\n\n<li>Promouvoir r\u00e9flexions et recherches sur la fonction sociale de cette g\u00e9n\u00e9ration, dans une soci\u00e9t\u00e9 pluriethnique en constante mutation.<\/li>\n\n\n\n<li>Faciliter les \u00e9changes, par des r\u00e9unions formelles et informelles, des journ\u00e9es d&rsquo;\u00e9tudes, des s\u00e9minaires et des colloques.<\/li>\n\n\n\n<li>Publier les r\u00e9sultats de ces confrontations et les faire conna\u00eetre par tous moyens disponibles pour entra\u00eener un mouvement g\u00e9n\u00e9ral vers une meilleure adaptation de notre g\u00e9n\u00e9ration au d\u00e9fi que pose ce nouveau si\u00e8cle.<\/li>\n<\/ul>\n<\/li>\n\n\n\n<li>Tisser les liens qui r\u00e9duiront les solitudes, s&rsquo;ouvrir aux autres\n<ul class=\"wp-block-list\">\n<li>Constituer un lieu d&rsquo;accueil, d&rsquo;\u00e9coute et de soutien.<\/li>\n\n\n\n<li>Etre un lieu d&rsquo;informations et de documentation.<\/li>\n\n\n\n<li>Restaurer la convivialit\u00e9, lutter contre l&rsquo;isolement et la solitude.<\/li>\n\n\n\n<li>Fournir des informations sur les nombreux th\u00e8mes qui int\u00e9ressent et interpellent les grands-parents dans la soci\u00e9t\u00e9 actuelle.<\/li>\n<\/ul>\n<\/li>\n\n\n\n<li>D\u00e9finir de fa\u00e7on plus pr\u00e9cise et plus valorisante la place et le r\u00f4le de la g\u00e9n\u00e9ration grands-parents\n<ul class=\"wp-block-list\">\n<li>Conduire des r\u00e9flexions sur les th\u00e8mes qui pr\u00e9occupent notre soci\u00e9t\u00e9 (valeurs, culture, patrimoine, nouveaux mod\u00e8les familiaux, solidarit\u00e9, \u00e9cologie, nouveaux modes de communication).<\/li>\n\n\n\n<li>Contribuer aux avanc\u00e9es de la modernit\u00e9 tout en sauvegardant les valeurs familiales et culturelles.<\/li>\n\n\n\n<li>Transmettre un savoir qui prend appui sur une m\u00e9moire.<\/li>\n<\/ul>\n<\/li>\n\n\n\n<li>Conna\u00eetre, faire conna\u00eetre et respecter le droit des grands-parents\n<ul class=\"wp-block-list\">\n<li>Aider et conseiller en mati\u00e8re juridique<\/li>\n\n\n\n<li>D\u00e9velopper des actions de m\u00e9diation.<\/li>\n\n\n\n<li>Produire \u00e0 partir de recherches sur le terrain des \u00e9tudes sur les carences constat\u00e9es, les besoins rep\u00e9r\u00e9s, les innovations possibles.<\/li>\n<\/ul>\n<\/li>\n\n\n\n<li>Favoriser le devenir de \u00a0\u00bb nouveaux grands-parents \u00a0\u00bb \u00e0 travers des relations interg\u00e9n\u00e9rationnelles et intercommunautaires cr\u00e9atives, et aborder ensemble une nouvelle \u00e9tape sociale et personnelle de la vie, en t\u00e9moigner\n<ul class=\"wp-block-list\">\n<li>Etudier la place des grands-parents dans les diff\u00e9rents contexte socio-\u00e9conomiques.<\/li>\n\n\n\n<li>Renforcer le dynamisme de la g\u00e9n\u00e9ration \u00ab\u00a0grands-parents\u00a0\u00bb en organisant ou en participant \u00e0 des formations, en particulier dans le cadre de la vie sociale, citoyenne et associative et dans le domaine de l&rsquo;ouverture \u00e0 l&rsquo;Europe.<\/li>\n<\/ul>\n<\/li>\n\n\n\n<li>Rassembler les \u00e9nergies disponibles\n<ul class=\"wp-block-list\">\n<li>Accueillir au sein de l&rsquo;Union toute association l\u00e9galement constitu\u00e9e en E.G.P.E. et d\u00e9sireuse de contribuer \u00e0 la r\u00e9alisation des objectifs d\u00e9finis dans la pr\u00e9sente charte.<\/li>\n\n\n\n<li>Favoriser les relations entre g\u00e9n\u00e9rations tant en France que dans les pays de l&rsquo;Union europ\u00e9enne, et d\u00e9velopper un r\u00e9seau de correspondants.<\/li>\n\n\n\n<li>Mettre en relation, gr\u00e2ce \u00e0 des contacts nombreux et ouverts les associations nationales et locales qui poursuivent des objectifs similaires.<\/li>\n<\/ul>\n<\/li>\n\n\n\n<li>Constituer et repr\u00e9senter un mouvement de la g\u00e9n\u00e9ration \u00ab\u00a0grands-parents\u00a0\u00bb\n<ul class=\"wp-block-list\">\n<li>Etre un courant de pens\u00e9e, une force de r\u00e9flexion, une instance propositionnelle qui peut et veut aider chacun \u00e0 valoriser son exp\u00e9rience, pour la transmettre tout en continuant \u00e0 apprendre.<\/li>\n<\/ul>\n<\/li>\n<\/ul>\n<\/div>\n<\/div>\n","protected":false},"excerpt":{"rendered":"<p>L&rsquo;Union des Ecoles de Grands-Parents Europ\u00e9ens qui regroupe des personnes disponibles, pr\u00eates \u00e0 la r\u00e9flexion, \u00e0 l&rsquo;apprentissage et \u00e0 l&rsquo;action, se donne comme objectifs de&hellip;<\/p>\n","protected":false},"author":1,"featured_media":373,"parent":0,"menu_order":0,"comment_status":"closed","ping_status":"closed","template":"","meta":{"footnotes":""},"class_list":["post-309","page","type-page","status-publish","has-post-thumbnail","hentry"],"yoast_head":"<!-- This site is optimized with the Yoast SEO plugin v27.4 - https:\/\/yoast.com\/product\/yoast-seo-wordpress\/ -->\n<title>Notre Charte - Ecole des Grands Parents Europ\u00e9ens<\/title>\n<meta name=\"robots\" content=\"index, follow, max-snippet:-1, max-image-preview:large, max-video-preview:-1\" \/>\n<link rel=\"canonical\" href=\"https:\/\/egpebordeauxgironde.fr\/?page_id=309\" \/>\n<meta property=\"og:locale\" content=\"fr_FR\" \/>\n<meta property=\"og:type\" content=\"article\" \/>\n<meta property=\"og:title\" content=\"Notre Charte - Ecole des Grands Parents Europ\u00e9ens\" \/>\n<meta property=\"og:description\" content=\"L&rsquo;Union des Ecoles de Grands-Parents Europ\u00e9ens qui regroupe des personnes disponibles, pr\u00eates \u00e0 la r\u00e9flexion, \u00e0 l&rsquo;apprentissage et \u00e0 l&rsquo;action, se donne comme objectifs de&hellip;\" \/>\n<meta property=\"og:url\" content=\"https:\/\/egpebordeauxgironde.fr\/?page_id=309\" \/>\n<meta property=\"og:site_name\" content=\"Ecole des Grands Parents Europ\u00e9ens\" \/>\n<meta property=\"article:modified_time\" content=\"2025-04-15T18:59:34+00:00\" \/>\n<meta property=\"og:image\" content=\"https:\/\/egpebordeauxgironde.fr\/wp-content\/uploads\/2025\/04\/mooverflow-article-charte-graphique-histoire.png\" \/>\n\t<meta property=\"og:image:width\" content=\"1000\" \/>\n\t<meta property=\"og:image:height\" content=\"1000\" \/>\n\t<meta property=\"og:image:type\" content=\"image\/png\" \/>\n<meta name=\"twitter:card\" content=\"summary_large_image\" \/>\n<meta name=\"twitter:label1\" content=\"Dur\u00e9e de lecture estim\u00e9e\" \/>\n\t<meta name=\"twitter:data1\" content=\"3 minutes\" \/>\n<script type=\"application\/ld+json\" class=\"yoast-schema-graph\">{\"@context\":\"https:\\\/\\\/schema.org\",\"@graph\":[{\"@type\":\"WebPage\",\"@id\":\"https:\\\/\\\/egpebordeauxgironde.fr\\\/?page_id=309\",\"url\":\"https:\\\/\\\/egpebordeauxgironde.fr\\\/?page_id=309\",\"name\":\"Notre Charte - Ecole des Grands Parents Europ\u00e9ens\",\"isPartOf\":{\"@id\":\"https:\\\/\\\/egpebordeauxgironde.fr\\\/#website\"},\"primaryImageOfPage\":{\"@id\":\"https:\\\/\\\/egpebordeauxgironde.fr\\\/?page_id=309#primaryimage\"},\"image\":{\"@id\":\"https:\\\/\\\/egpebordeauxgironde.fr\\\/?page_id=309#primaryimage\"},\"thumbnailUrl\":\"https:\\\/\\\/egpebordeauxgironde.fr\\\/wp-content\\\/uploads\\\/2025\\\/04\\\/mooverflow-article-charte-graphique-histoire.png\",\"datePublished\":\"2025-04-15T16:16:52+00:00\",\"dateModified\":\"2025-04-15T18:59:34+00:00\",\"breadcrumb\":{\"@id\":\"https:\\\/\\\/egpebordeauxgironde.fr\\\/?page_id=309#breadcrumb\"},\"inLanguage\":\"fr-FR\",\"potentialAction\":[{\"@type\":\"ReadAction\",\"target\":[\"https:\\\/\\\/egpebordeauxgironde.fr\\\/?page_id=309\"]}]},{\"@type\":\"ImageObject\",\"inLanguage\":\"fr-FR\",\"@id\":\"https:\\\/\\\/egpebordeauxgironde.fr\\\/?page_id=309#primaryimage\",\"url\":\"https:\\\/\\\/egpebordeauxgironde.fr\\\/wp-content\\\/uploads\\\/2025\\\/04\\\/mooverflow-article-charte-graphique-histoire.png\",\"contentUrl\":\"https:\\\/\\\/egpebordeauxgironde.fr\\\/wp-content\\\/uploads\\\/2025\\\/04\\\/mooverflow-article-charte-graphique-histoire.png\",\"width\":1000,\"height\":1000},{\"@type\":\"BreadcrumbList\",\"@id\":\"https:\\\/\\\/egpebordeauxgironde.fr\\\/?page_id=309#breadcrumb\",\"itemListElement\":[{\"@type\":\"ListItem\",\"position\":1,\"name\":\"Accueil\",\"item\":\"https:\\\/\\\/egpebordeauxgironde.fr\\\/\"},{\"@type\":\"ListItem\",\"position\":2,\"name\":\"Notre Charte\"}]},{\"@type\":\"WebSite\",\"@id\":\"https:\\\/\\\/egpebordeauxgironde.fr\\\/#website\",\"url\":\"https:\\\/\\\/egpebordeauxgironde.fr\\\/\",\"name\":\"EGPE Bordeaux Gironde\",\"description\":\"EGPE Grands Parents Gironde Bordeaux conf\u00e9rences ev\u00e8nements visites petits-enfants\",\"publisher\":{\"@id\":\"https:\\\/\\\/egpebordeauxgironde.fr\\\/#organization\"},\"potentialAction\":[{\"@type\":\"SearchAction\",\"target\":{\"@type\":\"EntryPoint\",\"urlTemplate\":\"https:\\\/\\\/egpebordeauxgironde.fr\\\/?s={search_term_string}\"},\"query-input\":{\"@type\":\"PropertyValueSpecification\",\"valueRequired\":true,\"valueName\":\"search_term_string\"}}],\"inLanguage\":\"fr-FR\"},{\"@type\":\"Organization\",\"@id\":\"https:\\\/\\\/egpebordeauxgironde.fr\\\/#organization\",\"name\":\"Ecole des Grands Parents Europ\u00e9ens Bordeaux Gironde\",\"url\":\"https:\\\/\\\/egpebordeauxgironde.fr\\\/\",\"logo\":{\"@type\":\"ImageObject\",\"inLanguage\":\"fr-FR\",\"@id\":\"https:\\\/\\\/egpebordeauxgironde.fr\\\/#\\\/schema\\\/logo\\\/image\\\/\",\"url\":\"https:\\\/\\\/egpebordeauxgironde.fr\\\/wp-content\\\/uploads\\\/2025\\\/04\\\/cropped-cropped-Nouveau-Bandeau-jpg.jpg\",\"contentUrl\":\"https:\\\/\\\/egpebordeauxgironde.fr\\\/wp-content\\\/uploads\\\/2025\\\/04\\\/cropped-cropped-Nouveau-Bandeau-jpg.jpg\",\"width\":940,\"height\":194,\"caption\":\"Ecole des Grands Parents Europ\u00e9ens Bordeaux Gironde\"},\"image\":{\"@id\":\"https:\\\/\\\/egpebordeauxgironde.fr\\\/#\\\/schema\\\/logo\\\/image\\\/\"}}]}<\/script>\n<!-- \/ Yoast SEO plugin. -->","yoast_head_json":{"title":"Notre Charte - Ecole des Grands Parents Europ\u00e9ens","robots":{"index":"index","follow":"follow","max-snippet":"max-snippet:-1","max-image-preview":"max-image-preview:large","max-video-preview":"max-video-preview:-1"},"canonical":"https:\/\/egpebordeauxgironde.fr\/?page_id=309","og_locale":"fr_FR","og_type":"article","og_title":"Notre Charte - Ecole des Grands Parents Europ\u00e9ens","og_description":"L&rsquo;Union des Ecoles de Grands-Parents Europ\u00e9ens qui regroupe des personnes disponibles, pr\u00eates \u00e0 la r\u00e9flexion, \u00e0 l&rsquo;apprentissage et \u00e0 l&rsquo;action, se donne comme objectifs de&hellip;","og_url":"https:\/\/egpebordeauxgironde.fr\/?page_id=309","og_site_name":"Ecole des Grands Parents Europ\u00e9ens","article_modified_time":"2025-04-15T18:59:34+00:00","og_image":[{"width":1000,"height":1000,"url":"https:\/\/egpebordeauxgironde.fr\/wp-content\/uploads\/2025\/04\/mooverflow-article-charte-graphique-histoire.png","type":"image\/png"}],"twitter_card":"summary_large_image","twitter_misc":{"Dur\u00e9e de lecture estim\u00e9e":"3 minutes"},"schema":{"@context":"https:\/\/schema.org","@graph":[{"@type":"WebPage","@id":"https:\/\/egpebordeauxgironde.fr\/?page_id=309","url":"https:\/\/egpebordeauxgironde.fr\/?page_id=309","name":"Notre Charte - Ecole des Grands Parents Europ\u00e9ens","isPartOf":{"@id":"https:\/\/egpebordeauxgironde.fr\/#website"},"primaryImageOfPage":{"@id":"https:\/\/egpebordeauxgironde.fr\/?page_id=309#primaryimage"},"image":{"@id":"https:\/\/egpebordeauxgironde.fr\/?page_id=309#primaryimage"},"thumbnailUrl":"https:\/\/egpebordeauxgironde.fr\/wp-content\/uploads\/2025\/04\/mooverflow-article-charte-graphique-histoire.png","datePublished":"2025-04-15T16:16:52+00:00","dateModified":"2025-04-15T18:59:34+00:00","breadcrumb":{"@id":"https:\/\/egpebordeauxgironde.fr\/?page_id=309#breadcrumb"},"inLanguage":"fr-FR","potentialAction":[{"@type":"ReadAction","target":["https:\/\/egpebordeauxgironde.fr\/?page_id=309"]}]},{"@type":"ImageObject","inLanguage":"fr-FR","@id":"https:\/\/egpebordeauxgironde.fr\/?page_id=309#primaryimage","url":"https:\/\/egpebordeauxgironde.fr\/wp-content\/uploads\/2025\/04\/mooverflow-article-charte-graphique-histoire.png","contentUrl":"https:\/\/egpebordeauxgironde.fr\/wp-content\/uploads\/2025\/04\/mooverflow-article-charte-graphique-histoire.png","width":1000,"height":1000},{"@type":"BreadcrumbList","@id":"https:\/\/egpebordeauxgironde.fr\/?page_id=309#breadcrumb","itemListElement":[{"@type":"ListItem","position":1,"name":"Accueil","item":"https:\/\/egpebordeauxgironde.fr\/"},{"@type":"ListItem","position":2,"name":"Notre Charte"}]},{"@type":"WebSite","@id":"https:\/\/egpebordeauxgironde.fr\/#website","url":"https:\/\/egpebordeauxgironde.fr\/","name":"EGPE Bordeaux Gironde","description":"EGPE Grands Parents Gironde Bordeaux conf\u00e9rences ev\u00e8nements visites petits-enfants","publisher":{"@id":"https:\/\/egpebordeauxgironde.fr\/#organization"},"potentialAction":[{"@type":"SearchAction","target":{"@type":"EntryPoint","urlTemplate":"https:\/\/egpebordeauxgironde.fr\/?s={search_term_string}"},"query-input":{"@type":"PropertyValueSpecification","valueRequired":true,"valueName":"search_term_string"}}],"inLanguage":"fr-FR"},{"@type":"Organization","@id":"https:\/\/egpebordeauxgironde.fr\/#organization","name":"Ecole des Grands Parents Europ\u00e9ens Bordeaux Gironde","url":"https:\/\/egpebordeauxgironde.fr\/","logo":{"@type":"ImageObject","inLanguage":"fr-FR","@id":"https:\/\/egpebordeauxgironde.fr\/#\/schema\/logo\/image\/","url":"https:\/\/egpebordeauxgironde.fr\/wp-content\/uploads\/2025\/04\/cropped-cropped-Nouveau-Bandeau-jpg.jpg","contentUrl":"https:\/\/egpebordeauxgironde.fr\/wp-content\/uploads\/2025\/04\/cropped-cropped-Nouveau-Bandeau-jpg.jpg","width":940,"height":194,"caption":"Ecole des Grands Parents Europ\u00e9ens Bordeaux Gironde"},"image":{"@id":"https:\/\/egpebordeauxgironde.fr\/#\/schema\/logo\/image\/"}}]}},"jetpack_sharing_enabled":true,"_links":{"self":[{"href":"https:\/\/egpebordeauxgironde.fr\/index.php?rest_route=\/wp\/v2\/pages\/309","targetHints":{"allow":["GET"]}}],"collection":[{"href":"https:\/\/egpebordeauxgironde.fr\/index.php?rest_route=\/wp\/v2\/pages"}],"about":[{"href":"https:\/\/egpebordeauxgironde.fr\/index.php?rest_route=\/wp\/v2\/types\/page"}],"author":[{"embeddable":true,"href":"https:\/\/egpebordeauxgironde.fr\/index.php?rest_route=\/wp\/v2\/users\/1"}],"replies":[{"embeddable":true,"href":"https:\/\/egpebordeauxgironde.fr\/index.php?rest_route=%2Fwp%2Fv2%2Fcomments&post=309"}],"version-history":[{"count":15,"href":"https:\/\/egpebordeauxgironde.fr\/index.php?rest_route=\/wp\/v2\/pages\/309\/revisions"}],"predecessor-version":[{"id":394,"href":"https:\/\/egpebordeauxgironde.fr\/index.php?rest_route=\/wp\/v2\/pages\/309\/revisions\/394"}],"wp:featuredmedia":[{"embeddable":true,"href":"https:\/\/egpebordeauxgironde.fr\/index.php?rest_route=\/wp\/v2\/media\/373"}],"wp:attachment":[{"href":"https:\/\/egpebordeauxgironde.fr\/index.php?rest_route=%2Fwp%2Fv2%2Fmedia&parent=309"}],"curies":[{"name":"wp","href":"https:\/\/api.w.org\/{rel}","templated":true}]}}